{"id":428,"date":"2025-01-20T21:51:39","date_gmt":"2025-01-20T21:51:39","guid":{"rendered":"https:\/\/talento-recruiting.de\/?page_id=428"},"modified":"2025-02-20T19:40:36","modified_gmt":"2025-02-20T19:40:36","slug":"aviso-legal-y-condiciones","status":"publish","type":"page","link":"https:\/\/talentorecruiting.de\/index.php\/aviso-legal-y-condiciones\/","title":{"rendered":"Politica de privacidad"},"content":{"rendered":"<p>[et_pb_section fb_built=\u00bb1&#8243; admin_label=\u00bbHeader\u00bb _builder_version=\u00bb4.24.0&#8243; background_color=\u00bbgcid-672c49ec-b8cc-4f22-a785-dec4ee1498c5&#8243; custom_padding=\u00bb|0|0|0|false|true\u00bb border_width_all=\u00bb5vw\u00bb border_color_all=\u00bb#f3f1f2&#8243; global_colors_info=\u00bb{%22gcid-672c49ec-b8cc-4f22-a785-dec4ee1498c5%22:%91%22background_color%22%93}\u00bb][et_pb_row column_structure=\u00bb1_2,1_2&#8243; _builder_version=\u00bb4.24.0&#8243; width=\u00bb100%\u00bb max_width=\u00bb100%\u00bb custom_padding=\u00bb|40px|0|40px|false|true\u00bb use_custom_width=\u00bbon\u00bb width_unit=\u00bboff\u00bb custom_width_percent=\u00bb100%\u00bb global_colors_info=\u00bb{}\u00bb][et_pb_column type=\u00bb1_2&#8243; _builder_version=\u00bb4.16&#8243; custom_padding=\u00bb|||\u00bb global_colors_info=\u00bb{}\u00bb custom_padding__hover=\u00bb|||\u00bb][et_pb_divider color=\u00bb#e8c3ad\u00bb _builder_version=\u00bb4.16&#8243; transform_translate=\u00bb-80px|0px\u00bb max_width=\u00bb200px\u00bb global_colors_info=\u00bb{}\u00bb][\/et_pb_divider][et_pb_text _builder_version=\u00bb4.24.0&#8243; text_font=\u00bbWork Sans|600|||||||\u00bb text_line_height=\u00bb2em\u00bb header_font=\u00bbSuranna|||on|||||\u00bb header_font_size=\u00bb4vw\u00bb header_line_height=\u00bb1.2em\u00bb header_4_font=\u00bbRaleway|700||on|||||\u00bb header_4_text_color=\u00bb#d94144&#8243; header_4_font_size=\u00bb12px\u00bb header_4_letter_spacing=\u00bb1.5px\u00bb header_4_line_height=\u00bb2em\u00bb background_layout=\u00bbdark\u00bb custom_margin=\u00bb||0px\u00bb header_font_size_tablet=\u00bb10vw\u00bb header_font_size_phone=\u00bb32px\u00bb header_font_size_last_edited=\u00bbon|desktop\u00bb border_color_all=\u00bb#f3f1f2&#8243; locked=\u00bboff\u00bb global_colors_info=\u00bb{}\u00bb]<\/p>\n<h1>Pol\u00edtica de privacidad<\/h1>\n<p>[\/et_pb_text][\/et_pb_column][et_pb_column type=\u00bb1_2&#8243; _builder_version=\u00bb4.16&#8243; custom_padding=\u00bb|||\u00bb global_colors_info=\u00bb{}\u00bb custom_padding__hover=\u00bb|||\u00bb][\/et_pb_column][\/et_pb_row][et_pb_row column_structure=\u00bb1_2,1_2&#8243; make_equal=\u00bbon\u00bb padding_left_right_link_1=\u00bbtrue\u00bb padding_left_right_link_2=\u00bbtrue\u00bb _builder_version=\u00bb4.16&#8243; width=\u00bb100%\u00bb max_width=\u00bb100%\u00bb custom_margin=\u00bb|auto|-267px|auto||\u00bb custom_padding=\u00bb||0||false|true\u00bb use_custom_width=\u00bbon\u00bb width_unit=\u00bboff\u00bb custom_width_percent=\u00bb100%\u00bb global_colors_info=\u00bb{}\u00bb][et_pb_column type=\u00bb1_2&#8243; _builder_version=\u00bb4.16&#8243; background_color=\u00bb#f3f1f2&#8243; custom_padding=\u00bb50px|40px||40px\u00bb global_colors_info=\u00bb{}\u00bb custom_padding__hover=\u00bb|||\u00bb][\/et_pb_column][et_pb_column type=\u00bb1_2&#8243; _builder_version=\u00bb4.16&#8243; custom_padding=\u00bb|40px||40px\u00bb global_colors_info=\u00bb{}\u00bb custom_padding__hover=\u00bb|||\u00bb][et_pb_text _builder_version=\u00bb4.24.0&#8243; text_font=\u00bbWork Sans|600|||||||\u00bb text_text_color=\u00bb#87827d\u00bb text_font_size=\u00bb13px\u00bb text_line_height=\u00bb2em\u00bb header_3_font=\u00bbWork Sans|600||on|||||\u00bb header_3_text_color=\u00bb#e9d9c1&#8243; header_3_font_size=\u00bb12px\u00bb header_3_letter_spacing=\u00bb1.5px\u00bb header_3_line_height=\u00bb2em\u00bb background_layout=\u00bbdark\u00bb max_width=\u00bb600px\u00bb locked=\u00bboff\u00bb global_colors_info=\u00bb{}\u00bb][\/et_pb_text][\/et_pb_column][\/et_pb_row][\/et_pb_section][et_pb_section fb_built=\u00bb1&#8243; admin_label=\u00bbScroll Call to Action\u00bb _builder_version=\u00bb4.16&#8243; background_color=\u00bb#f3f1f2&#8243; global_colors_info=\u00bb{}\u00bb][et_pb_row column_structure=\u00bb2_5,3_5&#8243; use_custom_gutter=\u00bbon\u00bb gutter_width=\u00bb2&#8243; module_class=\u00bb et_pb_row_fullwidth\u00bb _builder_version=\u00bb4.16&#8243; width=\u00bb94%\u00bb width_tablet=\u00bb80%\u00bb width_phone=\u00bb80%\u00bb width_last_edited=\u00bbon|desktop\u00bb max_width=\u00bb94%\u00bb max_width_tablet=\u00bb80%\u00bb max_width_phone=\u00bb80%\u00bb max_width_last_edited=\u00bbon|desktop\u00bb make_fullwidth=\u00bbon\u00bb global_colors_info=\u00bb{}\u00bb][et_pb_column type=\u00bb2_5&#8243; _builder_version=\u00bb4.16&#8243; custom_padding=\u00bb|||\u00bb global_colors_info=\u00bb{}\u00bb custom_padding__hover=\u00bb|||\u00bb][et_pb_divider show_divider=\u00bboff\u00bb _builder_version=\u00bb4.24.0&#8243; custom_margin=\u00bb10px|||-1000px\u00bb locked=\u00bboff\u00bb global_colors_info=\u00bb{}\u00bb][\/et_pb_divider][\/et_pb_column][et_pb_column type=\u00bb3_5&#8243; _builder_version=\u00bb4.16&#8243; custom_padding=\u00bb|||\u00bb global_colors_info=\u00bb{}\u00bb custom_padding__hover=\u00bb|||\u00bb][et_pb_image src=\u00bbhttps:\/\/talentorecruiting.de\/wp-content\/uploads\/2025\/01\/paralegal-03.png\u00bb _builder_version=\u00bb4.24.0&#8243; transform_scale=\u00bb265%|265%\u00bb transform_scale_tablet=\u00bb100%|100%\u00bb transform_scale_phone=\u00bb\u00bb transform_scale_last_edited=\u00bbon|tablet\u00bb transform_translate_tablet=\u00bb\u00bb transform_translate_phone=\u00bb\u00bb transform_translate_last_edited=\u00bbon|desktop\u00bb transform_rotate_tablet=\u00bb\u00bb transform_rotate_phone=\u00bb\u00bb transform_rotate_last_edited=\u00bbon|desktop\u00bb transform_skew_tablet=\u00bb\u00bb transform_skew_phone=\u00bb\u00bb transform_skew_last_edited=\u00bbon|desktop\u00bb transform_origin=\u00bb100%|0%\u00bb transform_origin_tablet=\u00bb\u00bb transform_origin_phone=\u00bb\u00bb transform_origin_last_edited=\u00bbon|desktop\u00bb transform_styles_last_edited=\u00bbon|tablet\u00bb max_width=\u00bb200px\u00bb transform_styles_tablet=\u00bb\u00bb transform_styles_phone=\u00bb\u00bb always_center_on_mobile=\u00bboff\u00bb global_colors_info=\u00bb{}\u00bb][\/et_pb_image][\/et_pb_column][\/et_pb_row][\/et_pb_section][et_pb_section fb_built=\u00bb1&#8243; admin_label=\u00bbService Info\u00bb _builder_version=\u00bb4.24.0&#8243; background_color=\u00bb#f3f1f2&#8243; use_background_color_gradient=\u00bbon\u00bb background_color_gradient_stops=\u00bbrgba(243,241,242,0) 0%|#f3f1f2 100%\u00bb background_color_gradient_overlays_image=\u00bbon\u00bb background_color_gradient_start=\u00bbrgba(243,241,242,0)\u00bb background_color_gradient_end=\u00bb#f3f1f2&#8243; background_image=\u00bbhttps:\/\/talentorecruiting.de\/wp-content\/uploads\/2025\/01\/cirlcle-pattern-tile2.png\u00bb background_size=\u00bbinitial\u00bb background_repeat=\u00bbrepeat\u00bb locked=\u00bboff\u00bb global_colors_info=\u00bb{}\u00bb][et_pb_row _builder_version=\u00bb4.16&#8243; global_colors_info=\u00bb{}\u00bb][et_pb_column type=\u00bb4_4&#8243; _builder_version=\u00bb4.16&#8243; custom_padding=\u00bb|||\u00bb global_colors_info=\u00bb{}\u00bb custom_padding__hover=\u00bb|||\u00bb][et_pb_text _builder_version=\u00bb4.24.0&#8243; text_font=\u00bbWork Sans|600|||||||\u00bb text_line_height=\u00bb2em\u00bb header_font=\u00bb||||||||\u00bb header_2_font=\u00bbSuranna||||||||\u00bb header_2_font_size=\u00bb60px\u00bb header_2_line_height=\u00bb1.2em\u00bb header_3_text_color=\u00bb#e38f73&#8243; header_4_font=\u00bbRaleway|700||on|||||\u00bb header_4_text_color=\u00bb#d94144&#8243; header_4_font_size=\u00bb12px\u00bb header_4_letter_spacing=\u00bb1.5px\u00bb header_4_line_height=\u00bb2em\u00bb custom_margin=\u00bb||0px\u00bb header_2_font_size_tablet=\u00bb\u00bb header_2_font_size_phone=\u00bb24px\u00bb header_2_font_size_last_edited=\u00bbon|phone\u00bb border_color_all=\u00bb#f3f1f2&#8243; locked=\u00bboff\u00bb global_colors_info=\u00bb{}\u00bb]<\/p>\n<h3>I. POL\u00cdTICA DE PRIVACIDAD Y PROTECCI\u00d3N DE DATOS<\/h3>\n<p>[\/et_pb_text][\/et_pb_column][\/et_pb_row][et_pb_row _builder_version=\u00bb4.24.0&#8243; transform_translate=\u00bb-30px|0px\u00bb custom_padding=\u00bb0||60px|30px|false|false\u00bb border_color_all=\u00bbrgba(37,43,58,0.24)\u00bb border_width_left=\u00bb1px\u00bb use_custom_width=\u00bbon\u00bb global_colors_info=\u00bb{}\u00bb][et_pb_column type=\u00bb4_4&#8243; _builder_version=\u00bb4.16&#8243; custom_padding=\u00bb|||\u00bb global_colors_info=\u00bb{}\u00bb custom_padding__hover=\u00bb|||\u00bb][et_pb_code _builder_version=\u00bb4.24.0&#8243; _module_preset=\u00bbdefault\u00bb global_colors_info=\u00bb{}\u00bb]<!DOCTYPE html><!-- [et_pb_line_break_holder] --><html lang=\"es\"><!-- [et_pb_line_break_holder] --><head><!-- [et_pb_line_break_holder] -->    <meta charset=\"UTF-8\"><!-- [et_pb_line_break_holder] -->    <meta name=\"viewport\" content=\"width=device-width, initial-scale=1.0\"><!-- [et_pb_line_break_holder] -->    <title>Pol\u00edtica de Privacidad<\/title><!-- [et_pb_line_break_holder] -->    <\/p>\n<style><!-- [et_pb_line_break_holder] -->        body {<!-- [et_pb_line_break_holder] -->            font-family: Arial, sans-serif;<!-- [et_pb_line_break_holder] -->            line-height: 1.8;<!-- [et_pb_line_break_holder] -->            margin: 0;<!-- [et_pb_line_break_holder] -->            padding: 20px;<!-- [et_pb_line_break_holder] -->            background-color: #f9f9f9;<!-- [et_pb_line_break_holder] -->            color: #333;<!-- [et_pb_line_break_holder] -->        }<!-- [et_pb_line_break_holder] -->        h1, h2 {<!-- [et_pb_line_break_holder] -->            color: #e38f73;<!-- [et_pb_line_break_holder] -->        }<!-- [et_pb_line_break_holder] -->        h1 {<!-- [et_pb_line_break_holder] -->            font-size: 2em;<!-- [et_pb_line_break_holder] -->            margin-bottom: 15px;<!-- [et_pb_line_break_holder] -->        }<!-- [et_pb_line_break_holder] -->        h2 {<!-- [et_pb_line_break_holder] -->            font-size: 1.6em;<!-- [et_pb_line_break_holder] -->            margin-top: 20px;<!-- [et_pb_line_break_holder] -->            margin-bottom: 10px;<!-- [et_pb_line_break_holder] -->        }<!-- [et_pb_line_break_holder] -->        p {<!-- [et_pb_line_break_holder] -->            margin: 15px 0;<!-- [et_pb_line_break_holder] -->            text-align: justify;<!-- [et_pb_line_break_holder] -->        }<!-- [et_pb_line_break_holder] -->        .contact-info {<!-- [et_pb_line_break_holder] -->            background-color: #fce4dc;<!-- [et_pb_line_break_holder] -->            padding: 15px;<!-- [et_pb_line_break_holder] -->            border-left: 4px solid #e38f73;<!-- [et_pb_line_break_holder] -->            margin: 20px 0;<!-- [et_pb_line_break_holder] -->        }<!-- [et_pb_line_break_holder] -->    <\/style>\n<p><!-- [et_pb_line_break_holder] --><\/head><!-- [et_pb_line_break_holder] --><body data-rsssl=1 data-rsssl=1 data-rsssl=1 data-rsssl=1 data-rsssl=1><!-- [et_pb_line_break_holder] -->    <\/p>\n<h1>Pol\u00edtica de Privacidad<\/h1>\n<p><!-- [et_pb_line_break_holder] -->    <pee>En Reclutamiento, B\u00fasqueda de empleo y Coaching laboral (en adelante, el \u00abSitio Web\u00bb), la privacidad y la protecci\u00f3n de datos personales son prioridades fundamentales. Esta pol\u00edtica de privacidad detalla c\u00f3mo recopilamos, utilizamos y protegemos la informaci\u00f3n proporcionada por los usuarios, cumpliendo con la normativa vigente en Espa\u00f1a y Europa, como el Reglamento General de Protecci\u00f3n de Datos (RGPD) y la Ley Org\u00e1nica de Protecci\u00f3n de Datos y Garant\u00eda de los Derechos Digitales (LOPD-GDD).<\/pee><!-- [et_pb_line_break_holder] --><!-- [et_pb_line_break_holder] -->    <\/p>\n<h2>Leyes aplicables<\/h2>\n<p><!-- [et_pb_line_break_holder] -->    <pee>Esta pol\u00edtica de privacidad est\u00e1 adaptada a la normativa espa\u00f1ola y europea vigente en materia de protecci\u00f3n de datos personales, incluyendo el Reglamento (UE) 2016\/679, la Ley Org\u00e1nica 3\/2018 y la Ley 34\/2002 de Servicios de la Sociedad de la Informaci\u00f3n y del Comercio Electr\u00f3nico.<\/pee><!-- [et_pb_line_break_holder] --><!-- [et_pb_line_break_holder] -->    <\/p>\n<h2>Identidad del responsable<\/h2>\n<p><!-- [et_pb_line_break_holder] -->    <pee>El responsable del tratamiento de los datos es Carla Alice Ribeiro Silva, con NIF 209\/262\/15591 y domicilio en 01445 Radebeul. Puedes ponerte en contacto a trav\u00e9s del n\u00famero +49 152 27346340 o por correo electr\u00f3nico.<\/pee><!-- [et_pb_line_break_holder] --><!-- [et_pb_line_break_holder] -->    <\/p>\n<div class=\"contact-info\"><!-- [et_pb_line_break_holder] -->        <pee><strong>Nombre:<\/strong> Carla Alice Ribeiro Silva<\/pee><!-- [et_pb_line_break_holder] -->        <pee><strong>NIF:<\/strong> 209\/262\/15591<\/pee><!-- [et_pb_line_break_holder] -->        <pee><strong>Direcci\u00f3n:<\/strong> 01445 Radebeul<\/pee><!-- [et_pb_line_break_holder] -->        <pee><strong>Tel\u00e9fono:<\/strong> +49 152 27346340<\/pee><!-- [et_pb_line_break_holder] -->        <pee><strong>Email:<\/strong> hello@talentorecruiting.de<\/pee><!-- [et_pb_line_break_holder] -->    <\/div>\n<p><!-- [et_pb_line_break_holder] --><!-- [et_pb_line_break_holder] -->    <\/p>\n<h2>Registro y tratamiento de datos<\/h2>\n<p><!-- [et_pb_line_break_holder] -->    <pee>Los datos personales proporcionados por los usuarios a trav\u00e9s de formularios en este Sitio Web ser\u00e1n tratados con el fin de cumplir con los compromisos adquiridos. Los datos ser\u00e1n recopilados y gestionados respetando los principios de licitud, minimizaci\u00f3n, exactitud, limitaci\u00f3n de finalidad y seguridad.<\/pee><!-- [et_pb_line_break_holder] --><!-- [et_pb_line_break_holder] -->    <\/p>\n<h2>Prop\u00f3sitos del tratamiento<\/h2>\n<p><!-- [et_pb_line_break_holder] -->    <pee>La informaci\u00f3n proporcionada por los usuarios se utilizar\u00e1 para facilitar la gesti\u00f3n de servicios, responder consultas y cumplir con las finalidades expl\u00edcitas para las que se han recopilado los datos. Adem\u00e1s, podr\u00edan emplearse para an\u00e1lisis estad\u00edsticos y actividades promocionales relacionadas con el Sitio Web.<\/pee><!-- [et_pb_line_break_holder] --><!-- [et_pb_line_break_holder] -->    <\/p>\n<h2>Derechos de los usuarios<\/h2>\n<p><!-- [et_pb_line_break_holder] -->    <pee>De acuerdo con la normativa vigente, los usuarios tienen derecho a acceder, rectificar, suprimir y limitar el tratamiento de sus datos personales, as\u00ed como a oponerse a su tratamiento o solicitar la portabilidad de los mismos. Estos derechos pueden ejercerse mediante solicitud escrita a la direcci\u00f3n de contacto proporcionada.<\/pee><!-- [et_pb_line_break_holder] --><!-- [et_pb_line_break_holder] -->    <\/p>\n<h2>Medidas de seguridad<\/h2>\n<p><!-- [et_pb_line_break_holder] -->    <pee>El Sitio Web adopta las medidas t\u00e9cnicas y organizativas necesarias para garantizar la seguridad de los datos personales y evitar su alteraci\u00f3n, p\u00e9rdida o acceso no autorizado. Estas medidas son revisadas peri\u00f3dicamente para garantizar su eficacia.<\/pee><!-- [et_pb_line_break_holder] --><!-- [et_pb_line_break_holder] -->    <pee>Si tienes dudas sobre esta pol\u00edtica de privacidad o necesitas m\u00e1s informaci\u00f3n, no dudes en ponerte en contacto con nosotros a trav\u00e9s de los medios indicados.<\/pee><!-- [et_pb_line_break_holder] --><\/body><!-- [et_pb_line_break_holder] --><\/html><!-- [et_pb_line_break_holder] -->[\/et_pb_code][\/et_pb_column][\/et_pb_row][et_pb_row _builder_version=\u00bb4.24.0&#8243; _module_preset=\u00bbdefault\u00bb global_colors_info=\u00bb{}\u00bb][et_pb_column type=\u00bb4_4&#8243; _builder_version=\u00bb4.24.0&#8243; _module_preset=\u00bbdefault\u00bb global_colors_info=\u00bb{}\u00bb][et_pb_code _builder_version=\u00bb4.24.0&#8243; _module_preset=\u00bbdefault\u00bb global_colors_info=\u00bb{}\u00bb][\/et_pb_code][\/et_pb_column][\/et_pb_row][\/et_pb_section]<\/p>\n","protected":false},"excerpt":{"rendered":"<p>Pol\u00edtica de privacidadI. POL\u00cdTICA DE PRIVACIDAD Y PROTECCI\u00d3N DE DATOS<\/p>\n","protected":false},"author":1,"featured_media":0,"parent":0,"menu_order":0,"comment_status":"closed","ping_status":"closed","template":"","meta":{"_et_pb_use_builder":"on","_et_pb_old_content":"","_et_gb_content_width":"","footnotes":""},"class_list":["post-428","page","type-page","status-publish","hentry"],"_links":{"self":[{"href":"https:\/\/talentorecruiting.de\/index.php\/wp-json\/wp\/v2\/pages\/428","targetHints":{"allow":["GET"]}}],"collection":[{"href":"https:\/\/talentorecruiting.de\/index.php\/wp-json\/wp\/v2\/pages"}],"about":[{"href":"https:\/\/talentorecruiting.de\/index.php\/wp-json\/wp\/v2\/types\/page"}],"author":[{"embeddable":true,"href":"https:\/\/talentorecruiting.de\/index.php\/wp-json\/wp\/v2\/users\/1"}],"replies":[{"embeddable":true,"href":"https:\/\/talentorecruiting.de\/index.php\/wp-json\/wp\/v2\/comments?post=428"}],"version-history":[{"count":8,"href":"https:\/\/talentorecruiting.de\/index.php\/wp-json\/wp\/v2\/pages\/428\/revisions"}],"predecessor-version":[{"id":603,"href":"https:\/\/talentorecruiting.de\/index.php\/wp-json\/wp\/v2\/pages\/428\/revisions\/603"}],"wp:attachment":[{"href":"https:\/\/talentorecruiting.de\/index.php\/wp-json\/wp\/v2\/media?parent=428"}],"curies":[{"name":"wp","href":"https:\/\/api.w.org\/{rel}","templated":true}]}}